{"id":113,"date":"2011-09-30T11:30:38","date_gmt":"2011-09-30T11:30:38","guid":{"rendered":"http:\/\/stiftstams.at.dd28716.kasserver.com\/?page_id=113"},"modified":"2025-04-09T05:57:06","modified_gmt":"2025-04-09T05:57:06","slug":"einrichtungen","status":"publish","type":"page","link":"https:\/\/www.stiftstams.at\/?page_id=113","title":{"rendered":"Einrichtungen"},"content":{"rendered":"<img loading=\"lazy\" class=\"aligncenter size-full wp-image-3396\" src=\"http:\/\/www.stiftstams.at\/wp-content\/uploads\/2021\/01\/Einrichtungen_Stift_Stams-34.jpg\" alt=\"\" width=\"1200\" height=\"800\" srcset=\"https:\/\/www.stiftstams.at\/wp-content\/uploads\/2021\/01\/Einrichtungen_Stift_Stams-34.jpg 1200w, https:\/\/www.stiftstams.at\/wp-content\/uploads\/2021\/01\/Einrichtungen_Stift_Stams-34-300x200.jpg 300w, https:\/\/www.stiftstams.at\/wp-content\/uploads\/2021\/01\/Einrichtungen_Stift_Stams-34-1024x683.jpg 1024w, https:\/\/www.stiftstams.at\/wp-content\/uploads\/2021\/01\/Einrichtungen_Stift_Stams-34-768x512.jpg 768w, https:\/\/www.stiftstams.at\/wp-content\/uploads\/2021\/01\/Einrichtungen_Stift_Stams-34-740x493.jpg 740w, https:\/\/www.stiftstams.at\/wp-content\/uploads\/2021\/01\/Einrichtungen_Stift_Stams-34-400x266.jpg 400w\" sizes=\"(max-width: 1200px) 100vw, 1200px\" \/><\/p>\n<h2><img loading=\"lazy\" class=\"alignleft size-thumbnail wp-image-161\" style=\"margin-left: 10px; margin-right: 10px;\" title=\"meinhardinum\" src=\"http:\/\/stiftstams.at.dd28716.kasserver.com\/wp-content\/uploads\/2011\/09\/meinhardinum-150x150.jpg\" alt=\"\" width=\"150\" height=\"150\" srcset=\"https:\/\/www.stiftstams.at\/wp-content\/uploads\/2011\/09\/meinhardinum-150x150.jpg 150w, https:\/\/www.stiftstams.at\/wp-content\/uploads\/2011\/09\/meinhardinum-300x300.jpg 300w, https:\/\/www.stiftstams.at\/wp-content\/uploads\/2011\/09\/meinhardinum-92x92.jpg 92w, https:\/\/www.stiftstams.at\/wp-content\/uploads\/2011\/09\/meinhardinum.jpg 350w\" sizes=\"(max-width: 150px) 100vw, 150px\" \/>Gymnasium Meinhardinum Stams<\/h2>\n<p>Das Stift Stams ist ein traditioneller Standort f\u00fcr eine Vielzahl von Bildungseinrichtungen. Im umgebauten Kornspeicher unterhalb der beiden T\u00fcrme betreibt das Stift ein modernes Gymnasium und Aufbaurealgymnasium.\u00a0Das Meinhardinum wurde 1949 gegr\u00fcndet, die derzeitigen R\u00e4umlichkeiten wurden 1985 bezogen.<\/p>\n<p>&nbsp;<\/p>\n<p><a href=\"http:\/\/www.meinhardinum.at\">&#8211;&gt; zur Website<\/a><\/p>\n<h2><\/h2>\n<h2><img loading=\"lazy\" class=\"alignleft size-thumbnail wp-image-162\" style=\"margin-left: 10px; margin-right: 10px;\" title=\"kph\" src=\"http:\/\/stiftstams.at.dd28716.kasserver.com\/wp-content\/uploads\/2011\/09\/kph-150x150.jpg\" alt=\"\" width=\"150\" height=\"150\" srcset=\"https:\/\/www.stiftstams.at\/wp-content\/uploads\/2011\/09\/kph-150x150.jpg 150w, https:\/\/www.stiftstams.at\/wp-content\/uploads\/2011\/09\/kph-300x300.jpg 300w, https:\/\/www.stiftstams.at\/wp-content\/uploads\/2011\/09\/kph-92x92.jpg 92w, https:\/\/www.stiftstams.at\/wp-content\/uploads\/2011\/09\/kph.jpg 350w\" sizes=\"(max-width: 150px) 100vw, 150px\" \/>Kirchliche p\u00e4dagogische Hochschule Edith Stein<\/h2>\n<p>Im F\u00fcrstentrakt mit den charakteristischen T\u00fcrmen ist die Kirchlich P\u00e4dagogische Hochschule \u201eEdith Stein\u201c und das Institut f\u00fcr Sozialp\u00e4dagogik untergebracht. Als Hochschule in kirchlicher Tr\u00e4gerschaft wei\u00df sich die KPH-Edith Stein dem christlichen\u00a0 Welt-, Menschen- und Gottesbild und dessen Werten verpflichtet. Vor diesem Hintergrund wird eine konstruktive Lern-, Beziehungs-, Lebens- und Glaubenskultur an der KPH-Edith Stein gepflegt.<\/p>\n<p><a href=\"http:\/\/www.kph-es.tsn.at\/\">&#8211;&gt; zur Website<\/a><\/p>\n<p>&nbsp;<\/p>\n<h2><img loading=\"lazy\" class=\"alignleft size-full wp-image-410\" style=\"margin-left: 10px; margin-right: 10px;\" title=\"skygym-schule_2\" src=\"http:\/\/stiftstams.at.dd28716.kasserver.com\/wp-content\/uploads\/2011\/09\/skygym-schule_2.jpg\" alt=\"\" width=\"150\" height=\"150\" srcset=\"https:\/\/www.stiftstams.at\/wp-content\/uploads\/2011\/09\/skygym-schule_2.jpg 150w, https:\/\/www.stiftstams.at\/wp-content\/uploads\/2011\/09\/skygym-schule_2-92x92.jpg 92w\" sizes=\"(max-width: 150px) 100vw, 150px\" \/>Schigymnasium Stams<\/h2>\n<p>In dem markanten Geb\u00e4ude westlich des Stiftsgel\u00e4ndes befindet sich das international bekannte Schigymnasium, welches aus dem Schulbetrieb des Stiftes hervorgegangen ist und sich auch noch heute in der Tr\u00e4gerschaft des Stifts befindet. Die Internatsschule f\u00fcr Schisportler bietet zwei Ausbildungszweige an. Ein Oberstufenrealgymnasium und eine Handelsschule.<\/p>\n<p><a href=\"http:\/\/www.schigymnasium-stams.at\/\">&#8211;&gt; zur Website<\/a><\/p>\n<p>&nbsp;<\/p>\n<h2><img loading=\"lazy\" class=\"alignleft size-full wp-image-412\" style=\"margin-left: 10px; margin-right: 10px;\" title=\"Freundeskreis\" src=\"http:\/\/stiftstams.at.dd28716.kasserver.com\/wp-content\/uploads\/2011\/09\/Freundeskreis.jpg\" alt=\"\" width=\"150\" height=\"150\" srcset=\"https:\/\/www.stiftstams.at\/wp-content\/uploads\/2011\/09\/Freundeskreis.jpg 150w, https:\/\/www.stiftstams.at\/wp-content\/uploads\/2011\/09\/Freundeskreis-92x92.jpg 92w\" sizes=\"(max-width: 150px) 100vw, 150px\" \/>Freundeskreis des Stiftes Stams<\/h2>\n<p>Kloster &#8211; Schulzentrum &#8211; Betreuung von Pfarreien &#8211; wertvolle Sammlungen &#8211; Konzerte &#8211; religi\u00f6se Veranstaltunge &#8211; Ort der Begegnung von Menschen und Ideen. Sein Freundeskreis besteht seit 1994 und m\u00f6chte Stift Stams m\u00f6glichst vielen Menschen bekannt machen, diesen die Teilnahme an seinen vielf\u00e4ltigen Aktivit\u00e4ten erm\u00f6glichen und dem Stift finanziell helfen.<\/p>\n<p><a href=\"http:\/\/www.freundeskreisstiftstams.at\/\">&#8211;&gt; zur Website<\/a><\/p>\n<p>&nbsp;<\/p>\n<h2><img loading=\"lazy\" class=\"alignleft size-full wp-image-417\" style=\"margin-left: 10px; margin-right: 10px;\" title=\"orangerie_2\" src=\"http:\/\/stiftstams.at.dd28716.kasserver.com\/wp-content\/uploads\/2011\/09\/orangerie_2.jpg\" alt=\"\" width=\"150\" height=\"150\" srcset=\"https:\/\/www.stiftstams.at\/wp-content\/uploads\/2011\/09\/orangerie_2.jpg 150w, https:\/\/www.stiftstams.at\/wp-content\/uploads\/2011\/09\/orangerie_2-92x92.jpg 92w\" sizes=\"(max-width: 150px) 100vw, 150px\" \/>Orangerie<\/h2>\n<p>Neben dem Stiftsgarten befindet sich die Orangerie des Stiftes, welche im Jahr 2009 von der Edith-Haberland-Stiftung generalsaniert wurde. Jetzt sind in dem Geb\u00e4ude eine Gastronomie\u00a0 und der Klosterladen des Stiftes f\u00fcr die Besucher des Stiftes untergebracht.<\/p>\n<p><a href=\"http:\/\/www.orangeriestams.at\/\">&#8211;&gt; zur Website<\/a><\/p>\n<p>&nbsp;<\/p>\n<h2><img loading=\"lazy\" class=\"alignleft size-full wp-image-417\" style=\"margin-left: 10px; margin-right: 10px;\" title=\"orangerie_2\" src=\"http:\/\/www.stiftstams.at\/wp-content\/uploads\/2025\/04\/schwarzfischer-Fischteich.jpg\" alt=\"\" width=\"150\" height=\"150\" \/>Restaurant Schwarzfischer<\/h2>\n<p>Sie m\u00f6chten sich vor oder nach Ihrem Stift Stams Besuch kulinarisch St\u00e4rken, dann schauen Sie doch bei unserem Nachbarn vorbei: Das neue Restaurant Schwarzfischer in Stams.<br \/>\nNur wenige Gehminuten vom Stift entfernt, umrahmt von viel Gr\u00fcn mit Blick auf den Stiftsweiher, wo auch gefischt werden darf, ist es der perfekte Ort f\u00fcr eine Pause.<\/p>\n<p><a href=\"https:\/\/www.schwarzfischer-stams.at\/\/\">&#8211;&gt; zur Website<\/a><\/p>\n<p>&nbsp;<\/p>\n<p>&nbsp;<\/p>\n<p style=\"text-align: center;\"><em><a href=\"http:\/\/www.meinhardinum.at\/\" target=\"_blank\" rel=\"noopener noreferrer\">&#8211;&gt; Gymnasium Meinhardinum Stams<\/a> &#8211; <a href=\"http:\/\/www.kph-es.tsn.at\/\" target=\"_blank\" rel=\"noopener noreferrer\">&#8211;&gt; Kirchliche p\u00e4dagogische Hochschule Edith Stein<\/a> &#8211; <a href=\"http:\/\/www.schigymnasium-stams.at\/\" target=\"_blank\" rel=\"noopener noreferrer\">&#8211;&gt; Schigymnasium Stams<\/a> &#8211; <a href=\"http:\/\/www.freundeskreisstiftstams.at\/\" target=\"_blank\" rel=\"noopener noreferrer\">&#8211;&gt; Freundeskreis des Stiftes Stams<\/a> &#8211; <a href=\"http:\/\/www.orangeriestams.at\/\" target=\"_blank\" rel=\"noopener noreferrer\">&#8211;&gt; Orangerie<\/a><\/em><\/p>","protected":false},"excerpt":{"rendered":"<p>Gymnasium Meinhardinum Stams Das Stift Stams ist ein traditioneller Standort f\u00fcr eine Vielzahl von Bildungseinrichtungen. Im umgebauten Kornspeicher unterhalb der beiden T\u00fcrme betreibt das Stift ein modernes Gymnasium und Aufbaurealgymnasium.\u00a0Das Meinhardinum wurde 1949 gegr\u00fcndet, die derzeitigen R\u00e4umlichkeiten wurden 1985 bezogen. [&#8230;]<\/p>\n","protected":false},"author":3,"featured_media":148,"parent":0,"menu_order":5,"comment_status":"open","ping_status":"closed","template":"","meta":[],"categories":[],"tags":[],"_links":{"self":[{"href":"https:\/\/www.stiftstams.at\/index.php?rest_route=\/wp\/v2\/pages\/113"}],"collection":[{"href":"https:\/\/www.stiftstams.at\/index.php?rest_route=\/wp\/v2\/pages"}],"about":[{"href":"https:\/\/www.stiftstams.at\/index.php?rest_route=\/wp\/v2\/types\/page"}],"author":[{"embeddable":true,"href":"https:\/\/www.stiftstams.at\/index.php?rest_route=\/wp\/v2\/users\/3"}],"replies":[{"embeddable":true,"href":"https:\/\/www.stiftstams.at\/index.php?rest_route=%2Fwp%2Fv2%2Fcomments&post=113"}],"version-history":[{"count":54,"href":"https:\/\/www.stiftstams.at\/index.php?rest_route=\/wp\/v2\/pages\/113\/revisions"}],"predecessor-version":[{"id":4907,"href":"https:\/\/www.stiftstams.at\/index.php?rest_route=\/wp\/v2\/pages\/113\/revisions\/4907"}],"wp:featuredmedia":[{"embeddable":true,"href":"https:\/\/www.stiftstams.at\/index.php?rest_route=\/wp\/v2\/media\/148"}],"wp:attachment":[{"href":"https:\/\/www.stiftstams.at\/index.php?rest_route=%2Fwp%2Fv2%2Fmedia&parent=113"}],"wp:term":[{"taxonomy":"category","embeddable":true,"href":"https:\/\/www.stiftstams.at\/index.php?rest_route=%2Fwp%2Fv2%2Fcategories&post=113"},{"taxonomy":"post_tag","embeddable":true,"href":"https:\/\/www.stiftstams.at\/index.php?rest_route=%2Fwp%2Fv2%2Ftags&post=113"}],"curies":[{"name":"wp","href":"https:\/\/api.w.org\/{rel}","templated":true}]}}