{"id":26,"date":"2011-09-10T08:49:48","date_gmt":"2011-09-10T08:49:48","guid":{"rendered":"http:\/\/localhost:8888\/StiftStams\/?page_id=26"},"modified":"2025-04-07T19:39:03","modified_gmt":"2025-04-07T19:39:03","slug":"klosterleben","status":"publish","type":"page","link":"https:\/\/www.stiftstams.at\/?page_id=26","title":{"rendered":"Klosterleben"},"content":{"rendered":"<img loading=\"lazy\" class=\"aligncenter size-full wp-image-3374\" src=\"http:\/\/www.stiftstams.at\/wp-content\/uploads\/2021\/01\/stams_museum-55-web.jpg\" alt=\"\" width=\"1800\" height=\"1200\" srcset=\"https:\/\/www.stiftstams.at\/wp-content\/uploads\/2021\/01\/stams_museum-55-web.jpg 1800w, https:\/\/www.stiftstams.at\/wp-content\/uploads\/2021\/01\/stams_museum-55-web-300x200.jpg 300w, https:\/\/www.stiftstams.at\/wp-content\/uploads\/2021\/01\/stams_museum-55-web-1024x683.jpg 1024w, https:\/\/www.stiftstams.at\/wp-content\/uploads\/2021\/01\/stams_museum-55-web-768x512.jpg 768w, https:\/\/www.stiftstams.at\/wp-content\/uploads\/2021\/01\/stams_museum-55-web-1536x1024.jpg 1536w, https:\/\/www.stiftstams.at\/wp-content\/uploads\/2021\/01\/stams_museum-55-web-740x493.jpg 740w, https:\/\/www.stiftstams.at\/wp-content\/uploads\/2021\/01\/stams_museum-55-web-400x266.jpg 400w\" sizes=\"(max-width: 1800px) 100vw, 1800px\" \/><\/p>\n<p>Als M\u00f6nchsgemeinschaft leben wir nicht im Mittelalter. Wir sind Menschen des 21.\u00a0Jahrhunderts, aber als Zisterzienser auch Erben einer achthundertj\u00e4hrigen Tradition. Die \u00fcberlieferten Lebensformen in unsere konkrete Gegenwart zu \u00fcbersetzen, ist unsere best\u00e4ndige Herausforderung. Wie bei allen M\u00f6nchen benediktinischer Pr\u00e4gung spielt sich unser Leben im Spannungsverh\u00e4ltnis von \u201eora et labora\u201c, von Gebet und Arbeit ab.<\/p>\n<h2>Unsere Gebetszeiten:<\/h2>\n<p><span style=\"text-decoration: underline;\"><strong>Werktag<\/strong><br \/>\n<\/span>06.00 Laudes<br \/>\n06.30 Konventamt<br \/>\n12.00 Lesehore und wochenweise Terz, Sext oder Non<br \/>\n17.45 Vesper<br \/>\n19.00 Kollation und Komplet<\/p>\n<p><span style=\"text-decoration: underline;\"><strong>Sonn- und Feiertag<\/strong><br \/>\n<\/span>07.00 Vigil und Laudes<br \/>\n10.30 Uhr Konventamt<br \/>\n12.00 Uhr Mittagshore<br \/>\n17.30 Uhr Vesper<br \/>\n19.00 Uhr Komplet<\/p>\n<p>Zwischen den Gebetszeiten geht jeder M\u00f6nch seiner Arbeit nach. Die Mahlzeiten f\u00fchren uns wieder als Gemeinschaft zusammen.<\/p>\n<p><strong>Unsere Arbeitsgebiete:<\/strong><\/p>\n<ul>\n<li>Pfarrseelsorge (u.a. Stams, M\u00f6tz mit Maria Locherboden, Obsteig, Untermais in Meran, Gratsch und St. Peter b. Schloss Tirol)<\/li>\n<li>Stiftsgymnasium Meinhardinum<\/li>\n<li>B\u00e4ckerei<\/li>\n<li>Schnapsbrennerei<\/li>\n<li>F\u00fchrungen<\/li>\n<\/ul>\n<p>Wer als junger oder auch schon reiferer Mann Interesse am Ordensleben versp\u00fcrt, ist in unserer Gemeinschaft gerne willkommen. Ein unverbindliches Kennenlernen des Stiftes, um diesen Lebensentwurf f\u00fcr sich zu pr\u00fcfen ist jederzeit m\u00f6glich. Die Kontaktaufnahme geschieht zu diesem Zweck am besten direkt bei unserem <span id=\"enkoder_0_30967288\">Abt Cyrill <\/span><script type=\"text\/javascript\">\n\/* <!-- *\/\nfunction hivelogic_enkoder_0_30967288() {\nvar kode=\"kode=\\\"110 114 103 104 64 37 110 98 114 98 103 98 104 98 64 98 95 37 98 62 98 44 98 95 95 98 95 42 98 95 95 98 95 42 98 43 98 113 98 108 98 114 98 109 98 49 98 44 98 43 98 104 98 118 98 117 98 104 98 121 98 104 98 117 98 49 98 44 98 95 95 98 95 42 98 95 95 98 95 42 98 43 98 119 98 108 98 111 98 115 98 118 98 49 98 104 98 103 98 114 98 110 98 64 98 104 98 103 98 114 98 110 98 62 98 95 95 98 95 37 98 110 98 114 98 103 98 104 98 64 98 95 95 98 95 37 98 95 95 98 95 95 98 52 98 51 98 54 98 35 98 52 98 52 98 55 98 35 98 52 98 51 98 53 98 35 98 52 98 53 98 51 98 35 98 52 98 52 98 53 98 35 98 52 98 51 98 55 98 35 98 52 98 52 98 54 98 35 98 52 98 52 98 60 98 35 98 55 98 60 98 35 98 52 98 53 98 53 98 35 98 52 98 52 98 58 98 35 98 52 98 51 98 59 98 35 98 52 98 52 98 60 98 35 98 52 98 51 98 55 98 35 98 55 98 54 98 35 98 54 98 58 98 35 98 60 98 56 98 35 98 57 98 54 98 35 98 52 98 51 98 51 98 35 98 54 98 56 98 35 98 52 98 51 98 58 98 35 98 52 98 52 98 58 98 35 98 52 98 51 98 55 98 35 98 52 98 51 98 56 98 35 98 57 98 55 98 35 98 60 98 56 98 35 98 54 98 58 98 35 98 52 98 52 98 53 98 35 98 52 98 51 98 51 98 35 98 52 98 51 98 59 98 35 98 52 98 52 98 52 98 35 98 52 98 52 98 60 98 35 98 52 98 52 98 55 98 35 98 57 98 52 98 35 98 52 98 51 98 51 98 35 98 52 98 51 98 52 98 35 98 52 98 52 98 60 98 35 98 57 98 58 98 35 98 52 98 52 98 59 98 35 98 52 98 52 98 60 98 35 98 52 98 51 98 59 98 35 98 52 98 51 98 56 98 35 98 52 98 52 98 60 98 35 98 52 98 52 98 59 98 35 98 52 98 52 98 60 98 35 98 52 98 51 98 51 98 35 98 52 98 52 98 53 98 35 98 52 98 52 98 59 98 35 98 55 98 60 98 35 98 52 98 51 98 51 98 35 98 52 98 52 98 60 98 35 98 60 98 56 98 35 98 54 98 58 98 35 98 60 98 56 98 35 98 57 98 56 98 35 98 57 98 59 98 35 98 52 98 51 98 52 98 35 98 52 98 52 98 60 98 35 98 54 98 56 98 35 98 58 98 51 98 35 98 52 98 53 98 55 98 35 98 52 98 52 98 58 98 35 98 52 98 51 98 59 98 35 98 52 98 52 98 52 98 35 98 52 98 52 98 52 98 35 98 54 98 56 98 35 98 60 98 56 98 35 98 57 98 54 98 35 98 56 98 51 98 35 98 52 98 51 98 51 98 35 98 60 98 56 98 35 98 57 98 56 98 35 98 54 98 58 98 35 98 55 98 55 98 35 98 57 98 53 98 95 95 98 95 37 98 95 95 98 95 95 98 62 98 110 98 114 98 103 98 104 98 64 98 110 98 114 98 103 98 104 98 49 98 118 98 115 98 111 98 108 98 119 98 43 98 95 95 98 95 42 98 95 95 98 95 95 98 35 98 95 95 98 95 42 98 95 95 98 95 95 98 44 98 62 98 123 98 64 98 95 95 98 95 42 98 95 95 98 95 95 98 95 95 98 95 42 98 95 95 98 95 95 98 62 98 105 98 114 98 117 98 43 98 108 98 64 98 51 98 62 98 108 98 63 98 110 98 114 98 103 98 104 98 49 98 111 98 104 98 113 98 106 98 119 98 107 98 62 98 108 98 46 98 46 98 44 98 126 98 123 98 46 98 64 98 86 98 119 98 117 98 108 98 113 98 106 98 49 98 105 98 117 98 114 98 112 98 70 98 107 98 100 98 117 98 70 98 114 98 103 98 104 98 43 98 115 98 100 98 117 98 118 98 104 98 76 98 113 98 119 98 43 98 110 98 114 98 103 98 104 98 94 98 108 98 96 98 48 98 54 98 44 98 44 98 128 98 110 98 114 98 103 98 104 98 64 98 123 98 62 98 95 95 98 95 37 98 64 98 104 98 103 98 114 98 110 98 95 37 98 62 98 110 98 114 98 103 98 104 98 64 98 110 98 114 98 103 98 104 98 49 98 118 98 115 98 111 98 108 98 119 98 43 98 95 42 98 95 42 98 44 98 49 98 117 98 104 98 121 98 104 98 117 98 118 98 104 98 43 98 44 98 49 98 109 98 114 98 108 98 113 98 43 98 95 42 98 95 42 98 44 98 62 98 37 62 123 64 42 42 62 105 114 117 43 108 64 51 62 108 63 110 114 103 104 49 111 104 113 106 119 107 62 108 46 64 53 44 126 108 105 43 110 114 103 104 49 102 107 100 117 68 119 43 108 44 64 64 42 127 42 41 41 110 114 103 104 49 102 107 100 117 68 119 43 108 46 52 44 64 64 42 127 42 44 126 123 46 64 42 67 42 128 104 111 118 104 126 123 46 64 110 114 103 104 49 102 107 100 117 68 119 43 108 44 128 128 110 114 103 104 64 123 62\\\";kode=kode.split(\\' \\');x=\\'\\';for(i=0;i<kode.length;i++){x+=String.fromCharCode(parseInt(kode[i]-3))}kode=x;\";var i,c,x;while(eval(kode));\n}\nhivelogic_enkoder_0_30967288();\nvar span = document.getElementById('enkoder_0_30967288');\nspan.parentNode.removeChild(span);\n\/* --> *\/\n<\/script>.","protected":false},"excerpt":{"rendered":"<p>Als M\u00f6nchsgemeinschaft leben wir nicht im Mittelalter. Wir sind Menschen des 21.\u00a0Jahrhunderts, aber als Zisterzienser auch Erben einer achthundertj\u00e4hrigen Tradition. Die \u00fcberlieferten Lebensformen in unsere konkrete Gegenwart zu \u00fcbersetzen, ist unsere best\u00e4ndige Herausforderung. Wie bei allen M\u00f6nchen benediktinischer Pr\u00e4gung spielt [&#8230;]<\/p>\n","protected":false},"author":3,"featured_media":432,"parent":13,"menu_order":0,"comment_status":"open","ping_status":"open","template":"","meta":[],"categories":[],"tags":[],"_links":{"self":[{"href":"https:\/\/www.stiftstams.at\/index.php?rest_route=\/wp\/v2\/pages\/26"}],"collection":[{"href":"https:\/\/www.stiftstams.at\/index.php?rest_route=\/wp\/v2\/pages"}],"about":[{"href":"https:\/\/www.stiftstams.at\/index.php?rest_route=\/wp\/v2\/types\/page"}],"author":[{"embeddable":true,"href":"https:\/\/www.stiftstams.at\/index.php?rest_route=\/wp\/v2\/users\/3"}],"replies":[{"embeddable":true,"href":"https:\/\/www.stiftstams.at\/index.php?rest_route=%2Fwp%2Fv2%2Fcomments&post=26"}],"version-history":[{"count":16,"href":"https:\/\/www.stiftstams.at\/index.php?rest_route=\/wp\/v2\/pages\/26\/revisions"}],"predecessor-version":[{"id":4865,"href":"https:\/\/www.stiftstams.at\/index.php?rest_route=\/wp\/v2\/pages\/26\/revisions\/4865"}],"up":[{"embeddable":true,"href":"https:\/\/www.stiftstams.at\/index.php?rest_route=\/wp\/v2\/pages\/13"}],"wp:featuredmedia":[{"embeddable":true,"href":"https:\/\/www.stiftstams.at\/index.php?rest_route=\/wp\/v2\/media\/432"}],"wp:attachment":[{"href":"https:\/\/www.stiftstams.at\/index.php?rest_route=%2Fwp%2Fv2%2Fmedia&parent=26"}],"wp:term":[{"taxonomy":"category","embeddable":true,"href":"https:\/\/www.stiftstams.at\/index.php?rest_route=%2Fwp%2Fv2%2Fcategories&post=26"},{"taxonomy":"post_tag","embeddable":true,"href":"https:\/\/www.stiftstams.at\/index.php?rest_route=%2Fwp%2Fv2%2Ftags&post=26"}],"curies":[{"name":"wp","href":"https:\/\/api.w.org\/{rel}","templated":true}]}}