{"id":3081,"date":"2020-06-04T12:08:15","date_gmt":"2020-06-04T12:08:15","guid":{"rendered":"http:\/\/www.stiftstams.at\/?page_id=3081"},"modified":"2025-09-03T20:37:04","modified_gmt":"2025-09-03T20:37:04","slug":"stift-stams-sakral-festival-orgel-plus","status":"publish","type":"page","link":"https:\/\/www.stiftstams.at\/?page_id=3081","title":{"rendered":"Stift Stams sakral &#8211; Festival Orgel Plus"},"content":{"rendered":"<div id=\"comp-k9e2ncb5\" class=\"txtNew\" data-packed=\"true\" data-vertical-text=\"false\">\n<p class=\"font_2\"><span style=\"font-size: 16px;\"><img loading=\"lazy\" class=\"aligncenter size-full wp-image-3093\" src=\"http:\/\/www.stiftstams.at\/wp-content\/uploads\/2020\/06\/Organist-web-2.jpg\" alt=\"\" width=\"1600\" height=\"1067\" srcset=\"https:\/\/www.stiftstams.at\/wp-content\/uploads\/2020\/06\/Organist-web-2.jpg 1600w, https:\/\/www.stiftstams.at\/wp-content\/uploads\/2020\/06\/Organist-web-2-300x200.jpg 300w, https:\/\/www.stiftstams.at\/wp-content\/uploads\/2020\/06\/Organist-web-2-1024x683.jpg 1024w, https:\/\/www.stiftstams.at\/wp-content\/uploads\/2020\/06\/Organist-web-2-768x512.jpg 768w, https:\/\/www.stiftstams.at\/wp-content\/uploads\/2020\/06\/Organist-web-2-1536x1024.jpg 1536w, https:\/\/www.stiftstams.at\/wp-content\/uploads\/2020\/06\/Organist-web-2-740x493.jpg 740w, https:\/\/www.stiftstams.at\/wp-content\/uploads\/2020\/06\/Organist-web-2-400x266.jpg 400w\" sizes=\"(max-width: 1600px) 100vw, 1600px\" \/>Seit der Fertigstellung der neuen Rieger-Hauptorgel sowie der Renovierung der beiden historischen Instrumente im Chorgest\u00fchl und in der Heilig-Blut-Kapelle vor vier Jahren werden die Orgeln vor allem anl\u00e4sslich der musikalischen Gestaltung der Liturgie bespielt. Um die unterschiedlichen Facetten dieser besonderen Instrumente vermehrt in Konzerten zu demonstrieren, veranstaltet das Stift Stams seit 2019 j\u00e4hrlich unter der k\u00fcnstlerischen Leitung von Stiftsorganist Elias Praxmarer und Hannes Torggler das Festival &#8222;<\/span><span class=\"color_20\" style=\"font-size: 16px;\">stift stams sakral&#8220;<\/span><span style=\"font-size: 16px;\">.<\/span><\/p>\n<p class=\"font_2\"><span style=\"font-size: 16px;\">Zuh\u00f6rerInnen erleben hierbei in unterschiedlichen Veranstaltungen abwechslungsreiche und h\u00f6renswerte Konzertprogramme mit renommierten K\u00fcnstlerpers\u00f6nlichkeiten. Die Orgeln erklingen in den Konzerten solistisch, im Zusammenspiel mit anderen Orgeln, oder in Symbiose gemeinsam mit anderen Instrumenten und Ensembles.<\/span><\/p>\n<\/div>\n<p>&nbsp;<\/p>\n<div id=\"comp-k9e2ncb5\" class=\"txtNew\" data-packed=\"true\" data-vertical-text=\"false\">\n<p><a href=\"http:\/\/www.stiftstams.at\/wp-content\/uploads\/2025\/09\/stift-stams-sakral-Stamser-Orgelherbst_2025-neu-scaled.jpg\"><img loading=\"lazy\" class=\"alignright size-large wp-image-5210\" src=\"http:\/\/www.stiftstams.at\/wp-content\/uploads\/2025\/09\/stift-stams-sakral-Stamser-Orgelherbst_2025-neu-724x1024.jpg\" alt=\"\" width=\"724\" height=\"1024\" srcset=\"https:\/\/www.stiftstams.at\/wp-content\/uploads\/2025\/09\/stift-stams-sakral-Stamser-Orgelherbst_2025-neu-724x1024.jpg 724w, https:\/\/www.stiftstams.at\/wp-content\/uploads\/2025\/09\/stift-stams-sakral-Stamser-Orgelherbst_2025-neu-212x300.jpg 212w, https:\/\/www.stiftstams.at\/wp-content\/uploads\/2025\/09\/stift-stams-sakral-Stamser-Orgelherbst_2025-neu-768x1086.jpg 768w, https:\/\/www.stiftstams.at\/wp-content\/uploads\/2025\/09\/stift-stams-sakral-Stamser-Orgelherbst_2025-neu-1086x1536.jpg 1086w, https:\/\/www.stiftstams.at\/wp-content\/uploads\/2025\/09\/stift-stams-sakral-Stamser-Orgelherbst_2025-neu-1448x2048.jpg 1448w, https:\/\/www.stiftstams.at\/wp-content\/uploads\/2025\/09\/stift-stams-sakral-Stamser-Orgelherbst_2025-neu-scaled.jpg 1810w\" sizes=\"(max-width: 724px) 100vw, 724px\" \/><\/a><\/p>\n<\/div>\n<p><a href=\"http:\/\/www.stiftstams.at\/wp-content\/uploads\/2025\/09\/stift-stams-sakral_Broschuere-2025_Druck_I-Net.pdf\">Konzertveranstaltungen und Brosch\u00fcre 2025\u00a0<\/a><\/p>\n<p><a href=\"http:\/\/www.stiftstams.at\/wp-content\/uploads\/2024\/05\/stift-stams-sakral_Broschuere-2024_I-Net-1.pdf\">Konzertveranstaltungen und Brosch\u00fcre 2024<\/a><\/p>\n<div id=\"comp-k9e3c2am\" class=\"txtNew\" data-packed=\"true\" data-vertical-text=\"false\">\n<p><a href=\"http:\/\/www.stiftstams.at\/wp-content\/uploads\/2024\/05\/stift-stams-sakral_Broschuere-2023-I-Net.pdf\">Konzertveranstaltungen und Brosch\u00fcre 2023<\/a><\/p>\n<p><a href=\"http:\/\/www.stiftstams.at\/wp-content\/uploads\/2024\/05\/stift-stams-sakral-22_Broschuere.pdf\">Konzertveranstaltungen und Brosch\u00fcre 2022<\/a><\/p>\n<p><a href=\"http:\/\/www.stiftstams.at\/wp-content\/uploads\/2021\/06\/Konzertveranstaltungen-und-Broschuere-2021.pdf\">Konzertveranstaltungen und Brosch\u00fcre 2021<\/a><\/p>\n<p><a href=\"http:\/\/www.stiftstams.at\/wp-content\/uploads\/2020\/08\/stift-stams-sakral_Orgelmeditationen-2020.pdf\"><span class=\"color_20\">Konzertveranstaltungen und Brosch\u00fcre 2020<\/span><\/a><\/p>\n<p class=\"font_7\"><span class=\"color_20\"><a href=\"http:\/\/www.stiftstams.at\/wp-content\/uploads\/2020\/09\/Konzertbroschuere-2019.pdf\" target=\"_blank\" rel=\"noopener noreferrer\" data-type=\"document\">Konzertveranstaltungen und Brosch\u00fcre 2019<\/a><\/span><\/p>\n<\/div>\n<p>&nbsp;<\/p>\n<p>&nbsp;<\/p>\n<p>&nbsp;<\/p>\n<p>&nbsp;<\/p>\n<p>&nbsp;<\/p>\n<p>&nbsp;<\/p>\n<p>&nbsp;<\/p>\n<p>&nbsp;<\/p>\n<p>&nbsp;<\/p>\n<div id=\"comp-k9e3o1y1\" class=\"txtNew\" data-packed=\"true\" data-vertical-text=\"false\">\n<hr \/>\n<h2>H\u00f6rbeispiele<\/h2>\n<h3>\u201eTirol 1809 &#8211; und jetzt?\u201c<\/h3>\n<p><iframe loading=\"lazy\" src=\"https:\/\/www.youtube.com\/embed\/blU_ylVXwj0?controls=0\" width=\"560\" height=\"315\" frameborder=\"0\" allowfullscreen=\"allowfullscreen\"><\/iframe><br \/>\nKonzert f\u00fcr Orgel &amp; Orchester (E. Praxmarer)<\/p>\n<h3>\u201eDer Kreuzweg unseres Herrn und Heilandes\u201c<\/h3>\n<\/div>\n<div data-packed=\"true\" data-vertical-text=\"false\">\n<p><iframe loading=\"lazy\" title=\"Thomas Daniel Schlee \u2013 Der Kreuzweg unseres Herrn und Heilandes | Praxmarer, Akademie St. Blasius\" width=\"1180\" height=\"664\" src=\"https:\/\/www.youtube.com\/embed\/hTJatDWid_U?start=255&#038;feature=oembed\" frameborder=\"0\" allow=\"accelerometer; autoplay; clipboard-write; encrypted-media; gyroscope; picture-in-picture; web-share\" referrerpolicy=\"strict-origin-when-cross-origin\" allowfullscreen><\/iframe><\/p>\n<\/div>\n<div class=\"txtNew\" data-packed=\"true\" data-vertical-text=\"false\">&#8222;Der Kreuzweg unseres Herrn und Heilandes&#8220; (T. D. Schlee)<\/div>\n<h3>1. Orgelmeditation<\/h3>\n<h4>\u201eVon Orgel zu Orgel&#8230;\u201c (Orgelwanderung)<\/h4>\n<p><iframe loading=\"lazy\" src=\"https:\/\/www.youtube.com\/embed\/g67vON2mhd4?controls=0\" width=\"560\" height=\"315\" frameborder=\"0\" allowfullscreen=\"allowfullscreen\"><\/iframe><br \/>\n[\/one-half]\n<div class=\"col-sm-6\">\n<h3>2. Orgelmeditation<\/h3>\n<h4>&#8222;J. S. Bach&#8220; mit Hannes Hadwiger<\/h4>\n<p><iframe loading=\"lazy\" src=\"https:\/\/www.youtube.com\/embed\/hf0gwwVwenA?controls=0\" width=\"560\" height=\"315\" frameborder=\"0\" allowfullscreen=\"allowfullscreen\"><\/iframe><br \/>\n<\/div>\n\n[\/columns]\n","protected":false},"excerpt":{"rendered":"<p>Seit der Fertigstellung der neuen Rieger-Hauptorgel sowie der Renovierung der beiden historischen Instrumente im Chorgest\u00fchl und in der Heilig-Blut-Kapelle vor vier Jahren werden die Orgeln vor allem anl\u00e4sslich der musikalischen Gestaltung der Liturgie bespielt. Um die unterschiedlichen Facetten dieser besonderen [&#8230;]<\/p>\n","protected":false},"author":3,"featured_media":0,"parent":1365,"menu_order":0,"comment_status":"closed","ping_status":"closed","template":"","meta":[],"categories":[],"tags":[],"_links":{"self":[{"href":"https:\/\/www.stiftstams.at\/index.php?rest_route=\/wp\/v2\/pages\/3081"}],"collection":[{"href":"https:\/\/www.stiftstams.at\/index.php?rest_route=\/wp\/v2\/pages"}],"about":[{"href":"https:\/\/www.stiftstams.at\/index.php?rest_route=\/wp\/v2\/types\/page"}],"author":[{"embeddable":true,"href":"https:\/\/www.stiftstams.at\/index.php?rest_route=\/wp\/v2\/users\/3"}],"replies":[{"embeddable":true,"href":"https:\/\/www.stiftstams.at\/index.php?rest_route=%2Fwp%2Fv2%2Fcomments&post=3081"}],"version-history":[{"count":26,"href":"https:\/\/www.stiftstams.at\/index.php?rest_route=\/wp\/v2\/pages\/3081\/revisions"}],"predecessor-version":[{"id":5213,"href":"https:\/\/www.stiftstams.at\/index.php?rest_route=\/wp\/v2\/pages\/3081\/revisions\/5213"}],"up":[{"embeddable":true,"href":"https:\/\/www.stiftstams.at\/index.php?rest_route=\/wp\/v2\/pages\/1365"}],"wp:attachment":[{"href":"https:\/\/www.stiftstams.at\/index.php?rest_route=%2Fwp%2Fv2%2Fmedia&parent=3081"}],"wp:term":[{"taxonomy":"category","embeddable":true,"href":"https:\/\/www.stiftstams.at\/index.php?rest_route=%2Fwp%2Fv2%2Fcategories&post=3081"},{"taxonomy":"post_tag","embeddable":true,"href":"https:\/\/www.stiftstams.at\/index.php?rest_route=%2Fwp%2Fv2%2Ftags&post=3081"}],"curies":[{"name":"wp","href":"https:\/\/api.w.org\/{rel}","templated":true}]}}