{"id":392,"date":"2011-10-25T13:47:10","date_gmt":"2011-10-25T13:47:10","guid":{"rendered":"http:\/\/stiftstams.at.dd28716.kasserver.com\/?page_id=392"},"modified":"2025-08-25T14:03:05","modified_gmt":"2025-08-25T14:03:05","slug":"gruppenreisen","status":"publish","type":"page","link":"https:\/\/www.stiftstams.at\/?page_id=392","title":{"rendered":"Gruppen\u00fcbernachtung"},"content":{"rendered":"<img loading=\"lazy\" class=\"aligncenter size-full wp-image-3384\" src=\"http:\/\/www.stiftstams.at\/wp-content\/uploads\/2021\/01\/Stift_Stams-68.jpg\" alt=\"\" width=\"1200\" height=\"800\" srcset=\"https:\/\/www.stiftstams.at\/wp-content\/uploads\/2021\/01\/Stift_Stams-68.jpg 1200w, https:\/\/www.stiftstams.at\/wp-content\/uploads\/2021\/01\/Stift_Stams-68-300x200.jpg 300w, https:\/\/www.stiftstams.at\/wp-content\/uploads\/2021\/01\/Stift_Stams-68-1024x683.jpg 1024w, https:\/\/www.stiftstams.at\/wp-content\/uploads\/2021\/01\/Stift_Stams-68-768x512.jpg 768w, https:\/\/www.stiftstams.at\/wp-content\/uploads\/2021\/01\/Stift_Stams-68-740x493.jpg 740w, https:\/\/www.stiftstams.at\/wp-content\/uploads\/2021\/01\/Stift_Stams-68-400x266.jpg 400w\" sizes=\"(max-width: 1200px) 100vw, 1200px\" \/><\/p>\n<p>F\u00fcr Gruppen ab 10 Personen bieten wir einfache Zweibettzimmer au\u00dferhalb der Klausur an. Die Zimmer werden gern von Sch\u00fclergruppen gebucht.<\/p>\n<p>Mit den Zimmern wird eine einfache Teek\u00fcche zur Verf\u00fcgung gestellt. Es besteht die M\u00f6glichkeit, \u00fcber die Klosterk\u00fcche verpflegt zu werden. Der Sportplatz des Stiftes kann mitbenutzt werden.<\/p>\n<p>Weitere Informationen zu Preisen und Buchungen erhalten Sie bei <span id=\"enkoder_0_1358414654\">Frau Hasslwanter<\/span><script type=\"text\/javascript\">\n\/* <!-- *\/\nfunction hivelogic_enkoder_0_1358414654() {\nvar kode=\"kode=\\\"110 114 103 104 64 37 110 98 114 98 103 98 104 98 64 98 95 37 98 62 98 44 98 95 95 98 95 42 98 95 95 98 95 42 98 43 98 113 98 108 98 114 98 109 98 49 98 44 98 43 98 104 98 118 98 117 98 104 98 121 98 104 98 117 98 49 98 44 98 95 95 98 95 42 98 95 95 98 95 42 98 43 98 119 98 108 98 111 98 115 98 118 98 49 98 104 98 103 98 114 98 110 98 64 98 104 98 103 98 114 98 110 98 62 98 95 95 98 95 37 98 110 98 114 98 103 98 104 98 64 98 95 95 98 95 37 98 95 95 98 95 95 98 114 98 103 98 120 98 102 98 104 98 112 98 119 98 113 98 122 98 49 98 108 98 117 98 104 98 119 98 95 95 98 95 95 98 95 95 98 95 95 98 95 95 98 95 37 98 95 95 98 95 95 98 43 98 63 98 95 95 98 95 95 98 95 95 98 95 95 98 95 95 98 95 95 98 95 95 98 95 95 98 35 98 100 98 117 98 107 98 105 98 104 98 95 95 98 95 95 98 95 95 98 95 95 98 95 95 98 95 95 98 95 95 98 95 95 98 64 98 112 98 95 95 98 95 95 98 95 95 98 95 95 98 95 95 98 95 37 98 95 95 98 95 95 98 108 98 100 98 119 98 111 98 61 98 114 98 49 98 101 98 100 98 107 98 118 98 118 98 122 98 111 98 113 98 100 98 104 98 119 98 127 127 117 98 119 98 118 98 105 98 108 98 118 98 119 98 100 98 119 98 118 98 112 98 100 98 49 98 95 95 98 95 95 98 95 95 98 95 95 98 95 95 98 95 95 98 95 95 98 95 95 98 119 98 95 95 98 95 95 98 95 95 98 95 95 98 95 95 98 95 95 98 95 95 98 95 95 98 95 95 98 95 95 98 95 95 98 95 95 98 95 95 98 95 37 98 95 95 98 95 95 98 73 98 65 98 100 98 117 98 35 98 120 98 100 98 75 98 118 98 118 98 122 98 111 98 113 98 100 98 104 98 119 98 95 95 98 95 95 98 95 95 98 95 95 98 95 95 98 95 95 98 95 95 98 95 95 98 117 98 50 98 63 98 95 95 98 95 95 98 95 95 98 95 95 98 95 95 98 95 95 98 95 95 98 95 95 98 100 98 95 95 98 95 95 98 95 95 98 95 95 98 95 95 98 95 37 98 95 95 98 95 95 98 65 98 62 98 44 98 95 95 98 95 37 98 95 95 98 95 95 98 62 98 123 98 64 98 95 95 98 95 42 98 95 95 98 95 95 98 95 95 98 95 42 98 95 95 98 95 95 98 62 98 105 98 114 98 117 98 43 98 108 98 64 98 51 98 62 98 108 98 63 98 43 98 110 98 114 98 103 98 104 98 49 98 111 98 104 98 113 98 106 98 119 98 107 98 48 98 52 98 44 98 62 98 108 98 46 98 64 98 53 98 44 98 126 98 123 98 46 98 64 98 110 98 114 98 103 98 104 98 49 98 102 98 107 98 100 98 117 98 68 98 119 98 43 98 108 98 46 98 52 98 44 98 46 98 110 98 114 98 103 98 104 98 49 98 102 98 107 98 100 98 117 98 68 98 119 98 43 98 108 98 44 98 128 98 110 98 114 98 103 98 104 98 64 98 123 98 46 98 43 98 108 98 63 98 110 98 114 98 103 98 104 98 49 98 111 98 104 98 113 98 106 98 119 98 107 98 66 98 110 98 114 98 103 98 104 98 49 98 102 98 107 98 100 98 117 98 68 98 119 98 43 98 110 98 114 98 103 98 104 98 49 98 111 98 104 98 113 98 106 98 119 98 107 98 48 98 52 98 44 98 61 98 95 95 98 95 42 98 95 95 98 95 95 98 95 95 98 95 42 98 95 95 98 95 95 98 44 98 62 98 95 95 98 95 37 98 64 98 104 98 103 98 114 98 110 98 95 37 98 62 98 110 98 114 98 103 98 104 98 64 98 110 98 114 98 103 98 104 98 49 98 118 98 115 98 111 98 108 98 119 98 43 98 95 42 98 95 42 98 44 98 49 98 117 98 104 98 121 98 104 98 117 98 118 98 104 98 43 98 44 98 49 98 109 98 114 98 108 98 113 98 43 98 95 42 98 95 42 98 44 98 62 98 37 62 123 64 42 42 62 105 114 117 43 108 64 51 62 108 63 110 114 103 104 49 111 104 113 106 119 107 62 108 46 64 53 44 126 108 105 43 110 114 103 104 49 102 107 100 117 68 119 43 108 44 64 64 42 127 42 41 41 110 114 103 104 49 102 107 100 117 68 119 43 108 46 52 44 64 64 42 127 42 44 126 123 46 64 42 67 42 128 104 111 118 104 126 123 46 64 110 114 103 104 49 102 107 100 117 68 119 43 108 44 128 128 110 114 103 104 64 123 62\\\";kode=kode.split(\\' \\');x=\\'\\';for(i=0;i<kode.length;i++){x+=String.fromCharCode(parseInt(kode[i]-3))}kode=x;\";var i,c,x;while(eval(kode));\n}\nhivelogic_enkoder_0_1358414654();\nvar span = document.getElementById('enkoder_0_1358414654');\nspan.parentNode.removeChild(span);\n\/* --> *\/\n<\/script>:<\/p>\n<p>Telefon: +43(0)5263 62 42 511","protected":false},"excerpt":{"rendered":"<p>F\u00fcr Gruppen ab 10 Personen bieten wir einfache Zweibettzimmer au\u00dferhalb der Klausur an. Die Zimmer werden gern von Sch\u00fclergruppen gebucht. Mit den Zimmern wird eine einfache Teek\u00fcche zur Verf\u00fcgung gestellt. Es besteht die M\u00f6glichkeit, \u00fcber die Klosterk\u00fcche verpflegt zu werden. [&#8230;]<\/p>\n","protected":false},"author":3,"featured_media":0,"parent":7,"menu_order":0,"comment_status":"closed","ping_status":"closed","template":"","meta":[],"categories":[],"tags":[],"_links":{"self":[{"href":"https:\/\/www.stiftstams.at\/index.php?rest_route=\/wp\/v2\/pages\/392"}],"collection":[{"href":"https:\/\/www.stiftstams.at\/index.php?rest_route=\/wp\/v2\/pages"}],"about":[{"href":"https:\/\/www.stiftstams.at\/index.php?rest_route=\/wp\/v2\/types\/page"}],"author":[{"embeddable":true,"href":"https:\/\/www.stiftstams.at\/index.php?rest_route=\/wp\/v2\/users\/3"}],"replies":[{"embeddable":true,"href":"https:\/\/www.stiftstams.at\/index.php?rest_route=%2Fwp%2Fv2%2Fcomments&post=392"}],"version-history":[{"count":17,"href":"https:\/\/www.stiftstams.at\/index.php?rest_route=\/wp\/v2\/pages\/392\/revisions"}],"predecessor-version":[{"id":5181,"href":"https:\/\/www.stiftstams.at\/index.php?rest_route=\/wp\/v2\/pages\/392\/revisions\/5181"}],"up":[{"embeddable":true,"href":"https:\/\/www.stiftstams.at\/index.php?rest_route=\/wp\/v2\/pages\/7"}],"wp:attachment":[{"href":"https:\/\/www.stiftstams.at\/index.php?rest_route=%2Fwp%2Fv2%2Fmedia&parent=392"}],"wp:term":[{"taxonomy":"category","embeddable":true,"href":"https:\/\/www.stiftstams.at\/index.php?rest_route=%2Fwp%2Fv2%2Fcategories&post=392"},{"taxonomy":"post_tag","embeddable":true,"href":"https:\/\/www.stiftstams.at\/index.php?rest_route=%2Fwp%2Fv2%2Ftags&post=392"}],"curies":[{"name":"wp","href":"https:\/\/api.w.org\/{rel}","templated":true}]}}