{"id":8,"date":"2011-09-10T08:40:48","date_gmt":"2011-09-10T08:40:48","guid":{"rendered":"http:\/\/localhost:8888\/StiftStams\/?page_id=7"},"modified":"2025-01-07T07:08:10","modified_gmt":"2025-01-07T07:08:10","slug":"gottesdienste","status":"publish","type":"page","link":"https:\/\/www.stiftstams.at\/?page_id=8","title":{"rendered":"Gottesdienste"},"content":{"rendered":"<img loading=\"lazy\" class=\"alignnone size-full wp-image-68\" title=\"gottesdienste\" src=\"http:\/\/stiftstams.at.dd28716.kasserver.com\/wp-content\/uploads\/2011\/09\/gottesdienste.jpg\" alt=\"\" width=\"960\" height=\"350\" srcset=\"https:\/\/www.stiftstams.at\/wp-content\/uploads\/2011\/09\/gottesdienste.jpg 960w, https:\/\/www.stiftstams.at\/wp-content\/uploads\/2011\/09\/gottesdienste-300x109.jpg 300w\" sizes=\"(max-width: 960px) 100vw, 960px\" \/><\/p>\n<p>In der Regel des hl. Benedikt hei\u00dft es: \u201eDem Gottesdienst soll nichts vorgezogen werden\u201c (RB 43,3). Damit ist der Stellenwert der Liturgie in unserem Kloster fest umschrieben. Neben dem Chorgebet ist es vor allem die Feier der Eucharistie, die f\u00fcr uns eine unverzichtbare Mitte darstellt: Sie ist Hereinbruch des Himmels auf die Erde und die intensivste Form der Gottesbegegnung. So k\u00f6nnen wir mit den fr\u00fchen Christen aus der Zeit der Christenverfolgungen sagen: &#8222;Wir k\u00f6nnen ohne diese Feier nicht leben!&#8220;<\/p>\n<p><strong>Messen jeden Sonntag<\/strong><\/p>\n<p>09.30 Uhr Pfarrkirche<br \/>\n10.30 Uhr Basilika<\/p>\n<p>Eventuelle \u00c4nderungen werden im Men\u00fcpunkt Termine im Stift Stams ver\u00f6ffentlicht!<\/p>\n<p>&nbsp;<\/p>\n<p>&nbsp;","protected":false},"excerpt":{"rendered":"<p>In der Regel des hl. Benedikt hei\u00dft es: \u201eDem Gottesdienst soll nichts vorgezogen werden\u201c (RB 43,3). Damit ist der Stellenwert der Liturgie in unserem Kloster fest umschrieben. Neben dem Chorgebet ist es vor allem die Feier der Eucharistie, die f\u00fcr [&#8230;]<\/p>\n","protected":false},"author":3,"featured_media":68,"parent":7,"menu_order":0,"comment_status":"open","ping_status":"open","template":"","meta":[],"categories":[],"tags":[],"_links":{"self":[{"href":"https:\/\/www.stiftstams.at\/index.php?rest_route=\/wp\/v2\/pages\/8"}],"collection":[{"href":"https:\/\/www.stiftstams.at\/index.php?rest_route=\/wp\/v2\/pages"}],"about":[{"href":"https:\/\/www.stiftstams.at\/index.php?rest_route=\/wp\/v2\/types\/page"}],"author":[{"embeddable":true,"href":"https:\/\/www.stiftstams.at\/index.php?rest_route=\/wp\/v2\/users\/3"}],"replies":[{"embeddable":true,"href":"https:\/\/www.stiftstams.at\/index.php?rest_route=%2Fwp%2Fv2%2Fcomments&post=8"}],"version-history":[{"count":11,"href":"https:\/\/www.stiftstams.at\/index.php?rest_route=\/wp\/v2\/pages\/8\/revisions"}],"predecessor-version":[{"id":4818,"href":"https:\/\/www.stiftstams.at\/index.php?rest_route=\/wp\/v2\/pages\/8\/revisions\/4818"}],"up":[{"embeddable":true,"href":"https:\/\/www.stiftstams.at\/index.php?rest_route=\/wp\/v2\/pages\/7"}],"wp:featuredmedia":[{"embeddable":true,"href":"https:\/\/www.stiftstams.at\/index.php?rest_route=\/wp\/v2\/media\/68"}],"wp:attachment":[{"href":"https:\/\/www.stiftstams.at\/index.php?rest_route=%2Fwp%2Fv2%2Fmedia&parent=8"}],"wp:term":[{"taxonomy":"category","embeddable":true,"href":"https:\/\/www.stiftstams.at\/index.php?rest_route=%2Fwp%2Fv2%2Fcategories&post=8"},{"taxonomy":"post_tag","embeddable":true,"href":"https:\/\/www.stiftstams.at\/index.php?rest_route=%2Fwp%2Fv2%2Ftags&post=8"}],"curies":[{"name":"wp","href":"https:\/\/api.w.org\/{rel}","templated":true}]}}