{"id":91,"date":"2011-09-30T11:15:04","date_gmt":"2011-09-30T11:15:04","guid":{"rendered":"http:\/\/stiftstams.at.dd28716.kasserver.com\/?page_id=91"},"modified":"2026-01-07T12:06:32","modified_gmt":"2026-01-07T12:06:32","slug":"klosterladen","status":"publish","type":"page","link":"https:\/\/www.stiftstams.at\/?page_id=91","title":{"rendered":"Klosterladen"},"content":{"rendered":"<img loading=\"lazy\" class=\"size-full wp-image-400 alignnone\" title=\"Klosterladen_innen_2\" src=\"http:\/\/stiftstams.at.dd28716.kasserver.com\/wp-content\/uploads\/2011\/09\/Klosterladen_innen_2.jpg\" alt=\"\" width=\"960\" height=\"350\" srcset=\"https:\/\/www.stiftstams.at\/wp-content\/uploads\/2011\/09\/Klosterladen_innen_2.jpg 960w, https:\/\/www.stiftstams.at\/wp-content\/uploads\/2011\/09\/Klosterladen_innen_2-300x109.jpg 300w\" sizes=\"(max-width: 960px) 100vw, 960px\" \/><br \/>\nUnser Klosterladen befindet sich in der Orangerie. Hier erhalten Sie zahlreiche Informationen \u00fcber das Stift Stams und dessen Geschichte wie F\u00fchrer, Ansichtskarten und B\u00fccher.<\/p>\n<p>Neben den hauseigenen Produkten wie Marmelade, Honig, edle Br\u00e4nde und Lik\u00f6re bieten wir auch Devotionalien und Souvenirs sowie eine zahlreiche Auswahl an Geschenkartikeln f\u00fcr jeden Anlass wie Hochzeit, Taufe, Erstkommunion und Geburtstag an.<\/p>\n<p>Jeden Freitag gibt es frisches Brot aus dem Steinofen von Bruder Franz.<\/p>\n<p style=\"text-align: center;\"><strong>\u00a0<\/strong><\/p>\n<table border=\"1\" width=\"630\">\n<tbody>\n<tr>\n<td><strong>\u00d6ffnungszeiten<\/strong><\/td>\n<td>J\u00e4nner, Februar, M\u00e4rz<\/td>\n<\/tr>\n<tr>\n<td>Montag bis Freita<\/td>\n<td>09.00 &#8211; 12.00<\/td>\n<\/tr>\n<tr>\n<td>Samstag, Sonn- und Feiertag<\/td>\n<td>geschlossen<\/td>\n<\/tr>\n<\/tbody>\n<\/table>\n<table border=\"1\" width=\"630\">\n<tbody>\n<tr>\n<td><strong>\u00d6ffnungszeiten\u00a0 \u00a0 \u00a0 \u00a0 \u00a0 \u00a0 \u00a0 \u00a0 \u00a0 \u00a0 \u00a0 \u00a0 \u00a0 \u00a0 \u00a0 \u00a0 \u00a0 \u00a0 \u00a0 \u00a0\u00a0<\/strong><\/td>\n<td>April, Mai<\/td>\n<\/tr>\n<tr>\n<td>Montag bis Freitag<\/td>\n<td>09.00 &#8211; 12.00 und 13.00 &#8211; 16.00<\/td>\n<\/tr>\n<tr>\n<td>Samstag, Sonn- und Feiertag<\/td>\n<td>geschlossen<\/td>\n<\/tr>\n<\/tbody>\n<\/table>\n<table style=\"height: 113px;\" border=\"1\" width=\"631\">\n<tbody>\n<tr>\n<td><strong>\u00d6ffnungszeiten\u00a0 \u00a0 \u00a0 \u00a0 \u00a0 \u00a0 \u00a0 \u00a0 \u00a0 \u00a0 \u00a0 \u00a0 \u00a0 \u00a0 \u00a0 \u00a0 \u00a0 \u00a0 \u00a0 \u00a0<\/strong><\/td>\n<td>Juni &#8211; September<\/td>\n<\/tr>\n<tr>\n<td>Montag bis Samstag<\/td>\n<td>09.00 &#8211; 12.00 und 13.00 &#8211; 17.00<\/td>\n<\/tr>\n<tr>\n<td>Sonn- und Feierta<\/td>\n<td>13.00 &#8211; 17.00<\/td>\n<\/tr>\n<\/tbody>\n<\/table>","protected":false},"excerpt":{"rendered":"<p>Unser Klosterladen befindet sich in der Orangerie. Hier erhalten Sie zahlreiche Informationen \u00fcber das Stift Stams und dessen Geschichte wie F\u00fchrer, Ansichtskarten und B\u00fccher. Neben den hauseigenen Produkten wie Marmelade, Honig, edle Br\u00e4nde und Lik\u00f6re bieten wir auch Devotionalien und [&#8230;]<\/p>\n","protected":false},"author":3,"featured_media":238,"parent":7,"menu_order":0,"comment_status":"open","ping_status":"open","template":"","meta":[],"categories":[],"tags":[],"_links":{"self":[{"href":"https:\/\/www.stiftstams.at\/index.php?rest_route=\/wp\/v2\/pages\/91"}],"collection":[{"href":"https:\/\/www.stiftstams.at\/index.php?rest_route=\/wp\/v2\/pages"}],"about":[{"href":"https:\/\/www.stiftstams.at\/index.php?rest_route=\/wp\/v2\/types\/page"}],"author":[{"embeddable":true,"href":"https:\/\/www.stiftstams.at\/index.php?rest_route=\/wp\/v2\/users\/3"}],"replies":[{"embeddable":true,"href":"https:\/\/www.stiftstams.at\/index.php?rest_route=%2Fwp%2Fv2%2Fcomments&post=91"}],"version-history":[{"count":93,"href":"https:\/\/www.stiftstams.at\/index.php?rest_route=\/wp\/v2\/pages\/91\/revisions"}],"predecessor-version":[{"id":5293,"href":"https:\/\/www.stiftstams.at\/index.php?rest_route=\/wp\/v2\/pages\/91\/revisions\/5293"}],"up":[{"embeddable":true,"href":"https:\/\/www.stiftstams.at\/index.php?rest_route=\/wp\/v2\/pages\/7"}],"wp:featuredmedia":[{"embeddable":true,"href":"https:\/\/www.stiftstams.at\/index.php?rest_route=\/wp\/v2\/media\/238"}],"wp:attachment":[{"href":"https:\/\/www.stiftstams.at\/index.php?rest_route=%2Fwp%2Fv2%2Fmedia&parent=91"}],"wp:term":[{"taxonomy":"category","embeddable":true,"href":"https:\/\/www.stiftstams.at\/index.php?rest_route=%2Fwp%2Fv2%2Fcategories&post=91"},{"taxonomy":"post_tag","embeddable":true,"href":"https:\/\/www.stiftstams.at\/index.php?rest_route=%2Fwp%2Fv2%2Ftags&post=91"}],"curies":[{"name":"wp","href":"https:\/\/api.w.org\/{rel}","templated":true}]}}